{"id":3244,"date":"2022-04-20T15:25:35","date_gmt":"2022-04-20T13:25:35","guid":{"rendered":"https:\/\/www.theblender.be\/produit\/non%20class\u00e9\/dejelin-deshydrateur-nd900\/"},"modified":"2024-08-01T00:04:30","modified_gmt":"2024-07-31T22:04:30","slug":"dejelin-voedseldroger-nd900","status":"publish","type":"product","link":"https:\/\/www.theblender.be\/nl\/produit\/dejelin-voedseldroger-nd900\/","title":{"rendered":"Dejelin &#8211; Voedseldroger ND900"},"content":{"rendered":"<p><span class=\"ui-provider cjl cjm c d e f g h i j k l m n o p q r s t cjn cjo w x y z ab ac ae af ag ah ai aj ak\" dir=\"ltr\">Profiteer van het Vaderdagaanbod van 5 tot 18 juni! Voor elke aankoop van deze ND900-dehydrator, ontvang een FlowerFlex-folie en NutriFlex-raster als cadeau!<\/span><\/p>\n<p>&nbsp;<\/p>\n<p><strong>De voedseldroger ND900 op een rijtje<\/strong><\/p>\n<ul>\n<li>Digitale thermostaat<\/li>\n<li>Temperatuur van 35\u00b0C tot 70\u00b0C<\/li>\n<li>Centraal verwarmingsmechanisme met dubbele ventilator<\/li>\n<li>Instelbare timer tot 99 uur<\/li>\n<li>Functie &#8220;Drooghouden&#8221;<\/li>\n<li>Smart Drying System<\/li>\n<li>9 hoogwaardige inox platen (mogelijkheid 3 extra platen toe te voegen)<\/li>\n<li>Garantie 2 jaar<\/li>\n<\/ul>\n","protected":false},"excerpt":{"rendered":"<div class=\"container-main-cuiseur-vapeur\">\n<div class=\"container-cuiseur-vapeur-modele nutristeam\">\n<ul>\n<li>Voedseldroger met elektriciteitssnoer<\/li>\n<li>9 inox platen<\/li>\n<li>1 Nutriflex blad<\/li>\n<li>Voedseldrogen gids en recept idee\u00ebn<\/li>\n<li>Gebruiksaanwijzing<\/li>\n<\/ul>\n<\/div>\n<\/div>\n","protected":false},"featured_media":2323,"template":"","meta":{"_acf_changed":false},"product_brand":[],"product_cat":[283],"product_tag":[729],"class_list":{"0":"post-3244","1":"product","2":"type-product","3":"status-publish","4":"has-post-thumbnail","6":"product_cat-onze-voedseldrogers","7":"product_tag-dejelin","8":"pa_capacite-12-plateaux-nl","9":"pa_fonction-maintien-au-sec-oui-nl","10":"pa_garantie-2-ans-nl","11":"pa_livre-de-recettes-inclus-nl","12":"pa_minuterie-99-heures-nl","13":"pa_plateaux-inclus-9-plateaux-en-inox-nl","14":"pa_puissance-500-1000-watts-nl","15":"pa_qualite-crudite-oui-nl","16":"pa_smart-drying-system-oui-nl","17":"pa_surface-de-sechage-139m2-nl","18":"pa_systeme-horizontal-airflow-system-nl","19":"pa_temperature-variable-35c-a-70c-nl","20":"pa_thermostat-numerique-oui-nl","22":"first","23":"instock","24":"shipping-taxable","25":"purchasable","26":"product-type-simple"},"acf":[],"yoast_head":"<!-- This site is optimized with the Yoast SEO plugin v27.3 - https:\/\/yoast.com\/product\/yoast-seo-wordpress\/ -->\n<title>Le d\u00e9shydrateur ND900 et son Smart Drying system<\/title>\n<meta name=\"description\" content=\"Le d\u00e9shydrateur ND900 offre une surface unique de s\u00e9chage avec ses 12 plateaux. La fonction Smart Drying system renforce l\u2019efficacit\u00e9 de la d\u00e9shydratation.\" \/>\n<meta name=\"robots\" content=\"index, follow, max-snippet:-1, max-image-preview:large, max-video-preview:-1\" \/>\n<link rel=\"canonical\" href=\"https:\/\/www.theblender.be\/nl\/produit\/dejelin-voedseldroger-nd900\/\" \/>\n<meta property=\"og:locale\" content=\"nl_NL\" \/>\n<meta property=\"og:type\" content=\"article\" \/>\n<meta property=\"og:title\" content=\"Le d\u00e9shydrateur ND900 et son Smart Drying system\" \/>\n<meta property=\"og:description\" content=\"Le d\u00e9shydrateur ND900 offre une surface unique de s\u00e9chage avec ses 12 plateaux. La fonction Smart Drying system renforce l\u2019efficacit\u00e9 de la d\u00e9shydratation.\" \/>\n<meta property=\"og:url\" content=\"https:\/\/www.theblender.be\/nl\/produit\/dejelin-voedseldroger-nd900\/\" \/>\n<meta property=\"og:site_name\" content=\"The Blender\" \/>\n<meta property=\"article:modified_time\" content=\"2024-07-31T22:04:30+00:00\" \/>\n<meta property=\"og:image\" content=\"https:\/\/www.theblender.be\/wp-content\/uploads\/2022\/04\/deshydrateurs-ND900-1-2.jpg\" \/>\n\t<meta property=\"og:image:width\" content=\"1100\" \/>\n\t<meta property=\"og:image:height\" content=\"1100\" \/>\n\t<meta property=\"og:image:type\" content=\"image\/jpeg\" \/>\n<meta name=\"twitter:card\" content=\"summary_large_image\" \/>\n<meta name=\"twitter:label1\" content=\"Geschatte leestijd\" \/>\n\t<meta name=\"twitter:data1\" content=\"1 minuut\" \/>\n<script type=\"application\/ld+json\" class=\"yoast-schema-graph\">{\"@context\":\"https:\\\/\\\/schema.org\",\"@graph\":[{\"@type\":\"WebPage\",\"@id\":\"https:\\\/\\\/www.theblender.be\\\/nl\\\/produit\\\/dejelin-voedseldroger-nd900\\\/\",\"url\":\"https:\\\/\\\/www.theblender.be\\\/nl\\\/produit\\\/dejelin-voedseldroger-nd900\\\/\",\"name\":\"Le d\u00e9shydrateur ND900 et son Smart Drying system\",\"isPartOf\":{\"@id\":\"https:\\\/\\\/www.theblender.be\\\/#website\"},\"primaryImageOfPage\":{\"@id\":\"https:\\\/\\\/www.theblender.be\\\/nl\\\/produit\\\/dejelin-voedseldroger-nd900\\\/#primaryimage\"},\"image\":{\"@id\":\"https:\\\/\\\/www.theblender.be\\\/nl\\\/produit\\\/dejelin-voedseldroger-nd900\\\/#primaryimage\"},\"thumbnailUrl\":\"https:\\\/\\\/www.theblender.be\\\/wp-content\\\/uploads\\\/2022\\\/04\\\/deshydrateurs-ND900-1-2.jpg\",\"datePublished\":\"2022-04-20T13:25:35+00:00\",\"dateModified\":\"2024-07-31T22:04:30+00:00\",\"description\":\"Le d\u00e9shydrateur ND900 offre une surface unique de s\u00e9chage avec ses 12 plateaux. La fonction Smart Drying system renforce l\u2019efficacit\u00e9 de la d\u00e9shydratation.\",\"breadcrumb\":{\"@id\":\"https:\\\/\\\/www.theblender.be\\\/nl\\\/produit\\\/dejelin-voedseldroger-nd900\\\/#breadcrumb\"},\"inLanguage\":\"nl-NL\",\"potentialAction\":[{\"@type\":\"ReadAction\",\"target\":[\"https:\\\/\\\/www.theblender.be\\\/nl\\\/produit\\\/dejelin-voedseldroger-nd900\\\/\"]}]},{\"@type\":\"ImageObject\",\"inLanguage\":\"nl-NL\",\"@id\":\"https:\\\/\\\/www.theblender.be\\\/nl\\\/produit\\\/dejelin-voedseldroger-nd900\\\/#primaryimage\",\"url\":\"https:\\\/\\\/www.theblender.be\\\/wp-content\\\/uploads\\\/2022\\\/04\\\/deshydrateurs-ND900-1-2.jpg\",\"contentUrl\":\"https:\\\/\\\/www.theblender.be\\\/wp-content\\\/uploads\\\/2022\\\/04\\\/deshydrateurs-ND900-1-2.jpg\",\"width\":1100,\"height\":1100},{\"@type\":\"BreadcrumbList\",\"@id\":\"https:\\\/\\\/www.theblender.be\\\/nl\\\/produit\\\/dejelin-voedseldroger-nd900\\\/#breadcrumb\",\"itemListElement\":[{\"@type\":\"ListItem\",\"position\":1,\"name\":\"Accueil\",\"item\":\"https:\\\/\\\/www.theblender.be\\\/nl\\\/\"},{\"@type\":\"ListItem\",\"position\":2,\"name\":\"Winkelen\",\"item\":\"https:\\\/\\\/www.theblender.be\\\/nl\\\/winkelen\\\/\"},{\"@type\":\"ListItem\",\"position\":3,\"name\":\"Dejelin &#8211; Voedseldroger ND900\"}]},{\"@type\":\"WebSite\",\"@id\":\"https:\\\/\\\/www.theblender.be\\\/#website\",\"url\":\"https:\\\/\\\/www.theblender.be\\\/\",\"name\":\"The Blender\",\"description\":\"De Blender: premium merk specialist in wellness\",\"publisher\":{\"@id\":\"https:\\\/\\\/www.theblender.be\\\/#organization\"},\"potentialAction\":[{\"@type\":\"SearchAction\",\"target\":{\"@type\":\"EntryPoint\",\"urlTemplate\":\"https:\\\/\\\/www.theblender.be\\\/?s={search_term_string}\"},\"query-input\":{\"@type\":\"PropertyValueSpecification\",\"valueRequired\":true,\"valueName\":\"search_term_string\"}}],\"inLanguage\":\"nl-NL\"},{\"@type\":\"Organization\",\"@id\":\"https:\\\/\\\/www.theblender.be\\\/#organization\",\"name\":\"The Blender\",\"url\":\"https:\\\/\\\/www.theblender.be\\\/\",\"logo\":{\"@type\":\"ImageObject\",\"inLanguage\":\"nl-NL\",\"@id\":\"https:\\\/\\\/www.theblender.be\\\/#\\\/schema\\\/logo\\\/image\\\/\",\"url\":\"https:\\\/\\\/www.theblender.be\\\/wp-content\\\/uploads\\\/2022\\\/04\\\/logo-theblender.svg\",\"contentUrl\":\"https:\\\/\\\/www.theblender.be\\\/wp-content\\\/uploads\\\/2022\\\/04\\\/logo-theblender.svg\",\"width\":296,\"height\":267,\"caption\":\"The Blender\"},\"image\":{\"@id\":\"https:\\\/\\\/www.theblender.be\\\/#\\\/schema\\\/logo\\\/image\\\/\"}}]}<\/script>\n<!-- \/ Yoast SEO plugin. -->","yoast_head_json":{"title":"Le d\u00e9shydrateur ND900 et son Smart Drying system","description":"Le d\u00e9shydrateur ND900 offre une surface unique de s\u00e9chage avec ses 12 plateaux. La fonction Smart Drying system renforce l\u2019efficacit\u00e9 de la d\u00e9shydratation.","robots":{"index":"index","follow":"follow","max-snippet":"max-snippet:-1","max-image-preview":"max-image-preview:large","max-video-preview":"max-video-preview:-1"},"canonical":"https:\/\/www.theblender.be\/nl\/produit\/dejelin-voedseldroger-nd900\/","og_locale":"nl_NL","og_type":"article","og_title":"Le d\u00e9shydrateur ND900 et son Smart Drying system","og_description":"Le d\u00e9shydrateur ND900 offre une surface unique de s\u00e9chage avec ses 12 plateaux. La fonction Smart Drying system renforce l\u2019efficacit\u00e9 de la d\u00e9shydratation.","og_url":"https:\/\/www.theblender.be\/nl\/produit\/dejelin-voedseldroger-nd900\/","og_site_name":"The Blender","article_modified_time":"2024-07-31T22:04:30+00:00","og_image":[{"width":1100,"height":1100,"url":"https:\/\/www.theblender.be\/wp-content\/uploads\/2022\/04\/deshydrateurs-ND900-1-2.jpg","type":"image\/jpeg"}],"twitter_card":"summary_large_image","twitter_misc":{"Geschatte leestijd":"1 minuut"},"schema":{"@context":"https:\/\/schema.org","@graph":[{"@type":"WebPage","@id":"https:\/\/www.theblender.be\/nl\/produit\/dejelin-voedseldroger-nd900\/","url":"https:\/\/www.theblender.be\/nl\/produit\/dejelin-voedseldroger-nd900\/","name":"Le d\u00e9shydrateur ND900 et son Smart Drying system","isPartOf":{"@id":"https:\/\/www.theblender.be\/#website"},"primaryImageOfPage":{"@id":"https:\/\/www.theblender.be\/nl\/produit\/dejelin-voedseldroger-nd900\/#primaryimage"},"image":{"@id":"https:\/\/www.theblender.be\/nl\/produit\/dejelin-voedseldroger-nd900\/#primaryimage"},"thumbnailUrl":"https:\/\/www.theblender.be\/wp-content\/uploads\/2022\/04\/deshydrateurs-ND900-1-2.jpg","datePublished":"2022-04-20T13:25:35+00:00","dateModified":"2024-07-31T22:04:30+00:00","description":"Le d\u00e9shydrateur ND900 offre une surface unique de s\u00e9chage avec ses 12 plateaux. La fonction Smart Drying system renforce l\u2019efficacit\u00e9 de la d\u00e9shydratation.","breadcrumb":{"@id":"https:\/\/www.theblender.be\/nl\/produit\/dejelin-voedseldroger-nd900\/#breadcrumb"},"inLanguage":"nl-NL","potentialAction":[{"@type":"ReadAction","target":["https:\/\/www.theblender.be\/nl\/produit\/dejelin-voedseldroger-nd900\/"]}]},{"@type":"ImageObject","inLanguage":"nl-NL","@id":"https:\/\/www.theblender.be\/nl\/produit\/dejelin-voedseldroger-nd900\/#primaryimage","url":"https:\/\/www.theblender.be\/wp-content\/uploads\/2022\/04\/deshydrateurs-ND900-1-2.jpg","contentUrl":"https:\/\/www.theblender.be\/wp-content\/uploads\/2022\/04\/deshydrateurs-ND900-1-2.jpg","width":1100,"height":1100},{"@type":"BreadcrumbList","@id":"https:\/\/www.theblender.be\/nl\/produit\/dejelin-voedseldroger-nd900\/#breadcrumb","itemListElement":[{"@type":"ListItem","position":1,"name":"Accueil","item":"https:\/\/www.theblender.be\/nl\/"},{"@type":"ListItem","position":2,"name":"Winkelen","item":"https:\/\/www.theblender.be\/nl\/winkelen\/"},{"@type":"ListItem","position":3,"name":"Dejelin &#8211; Voedseldroger ND900"}]},{"@type":"WebSite","@id":"https:\/\/www.theblender.be\/#website","url":"https:\/\/www.theblender.be\/","name":"The Blender","description":"De Blender: premium merk specialist in wellness","publisher":{"@id":"https:\/\/www.theblender.be\/#organization"},"potentialAction":[{"@type":"SearchAction","target":{"@type":"EntryPoint","urlTemplate":"https:\/\/www.theblender.be\/?s={search_term_string}"},"query-input":{"@type":"PropertyValueSpecification","valueRequired":true,"valueName":"search_term_string"}}],"inLanguage":"nl-NL"},{"@type":"Organization","@id":"https:\/\/www.theblender.be\/#organization","name":"The Blender","url":"https:\/\/www.theblender.be\/","logo":{"@type":"ImageObject","inLanguage":"nl-NL","@id":"https:\/\/www.theblender.be\/#\/schema\/logo\/image\/","url":"https:\/\/www.theblender.be\/wp-content\/uploads\/2022\/04\/logo-theblender.svg","contentUrl":"https:\/\/www.theblender.be\/wp-content\/uploads\/2022\/04\/logo-theblender.svg","width":296,"height":267,"caption":"The Blender"},"image":{"@id":"https:\/\/www.theblender.be\/#\/schema\/logo\/image\/"}}]}},"_links":{"self":[{"href":"https:\/\/www.theblender.be\/nl\/wp-json\/wp\/v2\/product\/3244","targetHints":{"allow":["GET"]}}],"collection":[{"href":"https:\/\/www.theblender.be\/nl\/wp-json\/wp\/v2\/product"}],"about":[{"href":"https:\/\/www.theblender.be\/nl\/wp-json\/wp\/v2\/types\/product"}],"wp:featuredmedia":[{"embeddable":true,"href":"https:\/\/www.theblender.be\/nl\/wp-json\/wp\/v2\/media\/2323"}],"wp:attachment":[{"href":"https:\/\/www.theblender.be\/nl\/wp-json\/wp\/v2\/media?parent=3244"}],"wp:term":[{"taxonomy":"product_brand","embeddable":true,"href":"https:\/\/www.theblender.be\/nl\/wp-json\/wp\/v2\/product_brand?post=3244"},{"taxonomy":"product_cat","embeddable":true,"href":"https:\/\/www.theblender.be\/nl\/wp-json\/wp\/v2\/product_cat?post=3244"},{"taxonomy":"product_tag","embeddable":true,"href":"https:\/\/www.theblender.be\/nl\/wp-json\/wp\/v2\/product_tag?post=3244"}],"curies":[{"name":"wp","href":"https:\/\/api.w.org\/{rel}","templated":true}]}}