{"id":3178,"date":"2022-04-25T11:56:56","date_gmt":"2022-04-25T09:56:56","guid":{"rendered":"https:\/\/www.theblender.be\/produit\/non%20class\u00e9\/omega-extracteur-vertical-372\/"},"modified":"2022-05-02T11:38:24","modified_gmt":"2022-05-02T09:38:24","slug":"omega-verticale-juicer-372","status":"publish","type":"product","link":"https:\/\/www.theblender.be\/nl\/produit\/omega-verticale-juicer-372\/","title":{"rendered":"Omega &#8211; Verticale juicer 372"},"content":{"rendered":"<p><strong>De verticale juicer 372 op een rijtje<\/strong><\/p>\n<ul>\n<li>Langzame rotatie: 80 RPM<\/li>\n<li>Vermogen: 150 watt<\/li>\n<li>2 zeven: 1 fijne en 1 met grote gaten<\/li>\n<li>Garantie 10 jaar<\/li>\n<\/ul>\n","protected":false},"excerpt":{"rendered":"<ul>\n<li>1 extracteur de jus<\/li>\n<li>2 tamis (1 fin \/ 1 \u00e0 gros trous)<\/li>\n<li>2 r\u00e9cipients collecteurs (1 \u00e0 jus et 1 \u00e0 pulpe)<\/li>\n<li>1 poussoir<\/li>\n<li>1 brosse de nettoyage<\/li>\n<li>1 bol d&#8217;extraction livr\u00e9 avec capuchon<\/li>\n<li>1 passoire<\/li>\n<li>1 mode d&#8217;emploi<\/li>\n<\/ul>\n","protected":false},"featured_media":3022,"template":"","meta":{"_acf_changed":false},"product_brand":[],"product_cat":[284],"product_tag":[739],"class_list":{"0":"post-3178","1":"product","2":"type-product","3":"status-publish","4":"has-post-thumbnail","6":"product_cat-onze-juicers","7":"product_tag-omega","8":"pa_dimension-longueur-173-cm-largeur-25-cm-hauteur-402-cm-nl","9":"pa_garantie-10-ans-nl","10":"pa_model-ovrt372hds-nl","11":"pa_poids-5-kg-nl","12":"pa_puissance-150-watts-nl","13":"pa_rotation-par-minute-80-tours-par-minute-nl","14":"pa_type-dextracteur-vertical-nl","16":"first","17":"instock","18":"shipping-taxable","19":"purchasable","20":"product-type-simple"},"acf":[],"yoast_head":"<!-- This site is optimized with the Yoast SEO plugin v27.3 - https:\/\/yoast.com\/product\/yoast-seo-wordpress\/ -->\n<title>Omega - Verticale juicer 372 - The Blender<\/title>\n<meta name=\"robots\" content=\"index, follow, max-snippet:-1, max-image-preview:large, max-video-preview:-1\" \/>\n<link rel=\"canonical\" href=\"https:\/\/www.theblender.be\/nl\/produit\/omega-verticale-juicer-372\/\" \/>\n<meta property=\"og:locale\" content=\"nl_NL\" \/>\n<meta property=\"og:type\" content=\"article\" \/>\n<meta property=\"og:title\" content=\"Omega - Verticale juicer 372 - The Blender\" \/>\n<meta property=\"og:description\" content=\"1 extracteur de jus  2 tamis (1 fin \/ 1 \u00e0 gros trous)  2 r\u00e9cipients collecteurs (1 \u00e0 jus et 1 \u00e0 pulpe)  1 poussoir  1 brosse de nettoyage  1 bol d&#039;extraction livr\u00e9 avec capuchon  1 passoire  1 mode d&#039;emploi\" \/>\n<meta property=\"og:url\" content=\"https:\/\/www.theblender.be\/nl\/produit\/omega-verticale-juicer-372\/\" \/>\n<meta property=\"og:site_name\" content=\"The Blender\" \/>\n<meta property=\"article:modified_time\" content=\"2022-05-02T09:38:24+00:00\" \/>\n<meta property=\"og:image\" content=\"https:\/\/www.theblender.be\/wp-content\/uploads\/2022\/04\/Photo-VRT372HDS-1.jpg\" \/>\n\t<meta property=\"og:image:width\" content=\"1000\" \/>\n\t<meta property=\"og:image:height\" content=\"1000\" \/>\n\t<meta property=\"og:image:type\" content=\"image\/jpeg\" \/>\n<meta name=\"twitter:card\" content=\"summary_large_image\" \/>\n<meta name=\"twitter:label1\" content=\"Geschatte leestijd\" \/>\n\t<meta name=\"twitter:data1\" content=\"1 minuut\" \/>\n<script type=\"application\/ld+json\" class=\"yoast-schema-graph\">{\"@context\":\"https:\\\/\\\/schema.org\",\"@graph\":[{\"@type\":\"WebPage\",\"@id\":\"https:\\\/\\\/www.theblender.be\\\/nl\\\/produit\\\/omega-verticale-juicer-372\\\/\",\"url\":\"https:\\\/\\\/www.theblender.be\\\/nl\\\/produit\\\/omega-verticale-juicer-372\\\/\",\"name\":\"Omega - Verticale juicer 372 - The Blender\",\"isPartOf\":{\"@id\":\"https:\\\/\\\/www.theblender.be\\\/#website\"},\"primaryImageOfPage\":{\"@id\":\"https:\\\/\\\/www.theblender.be\\\/nl\\\/produit\\\/omega-verticale-juicer-372\\\/#primaryimage\"},\"image\":{\"@id\":\"https:\\\/\\\/www.theblender.be\\\/nl\\\/produit\\\/omega-verticale-juicer-372\\\/#primaryimage\"},\"thumbnailUrl\":\"https:\\\/\\\/www.theblender.be\\\/wp-content\\\/uploads\\\/2022\\\/04\\\/Photo-VRT372HDS-1.jpg\",\"datePublished\":\"2022-04-25T09:56:56+00:00\",\"dateModified\":\"2022-05-02T09:38:24+00:00\",\"breadcrumb\":{\"@id\":\"https:\\\/\\\/www.theblender.be\\\/nl\\\/produit\\\/omega-verticale-juicer-372\\\/#breadcrumb\"},\"inLanguage\":\"nl-NL\",\"potentialAction\":[{\"@type\":\"ReadAction\",\"target\":[\"https:\\\/\\\/www.theblender.be\\\/nl\\\/produit\\\/omega-verticale-juicer-372\\\/\"]}]},{\"@type\":\"ImageObject\",\"inLanguage\":\"nl-NL\",\"@id\":\"https:\\\/\\\/www.theblender.be\\\/nl\\\/produit\\\/omega-verticale-juicer-372\\\/#primaryimage\",\"url\":\"https:\\\/\\\/www.theblender.be\\\/wp-content\\\/uploads\\\/2022\\\/04\\\/Photo-VRT372HDS-1.jpg\",\"contentUrl\":\"https:\\\/\\\/www.theblender.be\\\/wp-content\\\/uploads\\\/2022\\\/04\\\/Photo-VRT372HDS-1.jpg\",\"width\":1000,\"height\":1000},{\"@type\":\"BreadcrumbList\",\"@id\":\"https:\\\/\\\/www.theblender.be\\\/nl\\\/produit\\\/omega-verticale-juicer-372\\\/#breadcrumb\",\"itemListElement\":[{\"@type\":\"ListItem\",\"position\":1,\"name\":\"Accueil\",\"item\":\"https:\\\/\\\/www.theblender.be\\\/nl\\\/\"},{\"@type\":\"ListItem\",\"position\":2,\"name\":\"Winkelen\",\"item\":\"https:\\\/\\\/www.theblender.be\\\/nl\\\/winkelen\\\/\"},{\"@type\":\"ListItem\",\"position\":3,\"name\":\"Omega &#8211; Verticale juicer 372\"}]},{\"@type\":\"WebSite\",\"@id\":\"https:\\\/\\\/www.theblender.be\\\/#website\",\"url\":\"https:\\\/\\\/www.theblender.be\\\/\",\"name\":\"The Blender\",\"description\":\"De Blender: premium merk specialist in wellness\",\"publisher\":{\"@id\":\"https:\\\/\\\/www.theblender.be\\\/#organization\"},\"potentialAction\":[{\"@type\":\"SearchAction\",\"target\":{\"@type\":\"EntryPoint\",\"urlTemplate\":\"https:\\\/\\\/www.theblender.be\\\/?s={search_term_string}\"},\"query-input\":{\"@type\":\"PropertyValueSpecification\",\"valueRequired\":true,\"valueName\":\"search_term_string\"}}],\"inLanguage\":\"nl-NL\"},{\"@type\":\"Organization\",\"@id\":\"https:\\\/\\\/www.theblender.be\\\/#organization\",\"name\":\"The Blender\",\"url\":\"https:\\\/\\\/www.theblender.be\\\/\",\"logo\":{\"@type\":\"ImageObject\",\"inLanguage\":\"nl-NL\",\"@id\":\"https:\\\/\\\/www.theblender.be\\\/#\\\/schema\\\/logo\\\/image\\\/\",\"url\":\"https:\\\/\\\/www.theblender.be\\\/wp-content\\\/uploads\\\/2022\\\/04\\\/logo-theblender.svg\",\"contentUrl\":\"https:\\\/\\\/www.theblender.be\\\/wp-content\\\/uploads\\\/2022\\\/04\\\/logo-theblender.svg\",\"width\":296,\"height\":267,\"caption\":\"The Blender\"},\"image\":{\"@id\":\"https:\\\/\\\/www.theblender.be\\\/#\\\/schema\\\/logo\\\/image\\\/\"}}]}<\/script>\n<!-- \/ Yoast SEO plugin. -->","yoast_head_json":{"title":"Omega - Verticale juicer 372 - The Blender","robots":{"index":"index","follow":"follow","max-snippet":"max-snippet:-1","max-image-preview":"max-image-preview:large","max-video-preview":"max-video-preview:-1"},"canonical":"https:\/\/www.theblender.be\/nl\/produit\/omega-verticale-juicer-372\/","og_locale":"nl_NL","og_type":"article","og_title":"Omega - Verticale juicer 372 - The Blender","og_description":"1 extracteur de jus  2 tamis (1 fin \/ 1 \u00e0 gros trous)  2 r\u00e9cipients collecteurs (1 \u00e0 jus et 1 \u00e0 pulpe)  1 poussoir  1 brosse de nettoyage  1 bol d'extraction livr\u00e9 avec capuchon  1 passoire  1 mode d'emploi","og_url":"https:\/\/www.theblender.be\/nl\/produit\/omega-verticale-juicer-372\/","og_site_name":"The Blender","article_modified_time":"2022-05-02T09:38:24+00:00","og_image":[{"width":1000,"height":1000,"url":"https:\/\/www.theblender.be\/wp-content\/uploads\/2022\/04\/Photo-VRT372HDS-1.jpg","type":"image\/jpeg"}],"twitter_card":"summary_large_image","twitter_misc":{"Geschatte leestijd":"1 minuut"},"schema":{"@context":"https:\/\/schema.org","@graph":[{"@type":"WebPage","@id":"https:\/\/www.theblender.be\/nl\/produit\/omega-verticale-juicer-372\/","url":"https:\/\/www.theblender.be\/nl\/produit\/omega-verticale-juicer-372\/","name":"Omega - Verticale juicer 372 - The Blender","isPartOf":{"@id":"https:\/\/www.theblender.be\/#website"},"primaryImageOfPage":{"@id":"https:\/\/www.theblender.be\/nl\/produit\/omega-verticale-juicer-372\/#primaryimage"},"image":{"@id":"https:\/\/www.theblender.be\/nl\/produit\/omega-verticale-juicer-372\/#primaryimage"},"thumbnailUrl":"https:\/\/www.theblender.be\/wp-content\/uploads\/2022\/04\/Photo-VRT372HDS-1.jpg","datePublished":"2022-04-25T09:56:56+00:00","dateModified":"2022-05-02T09:38:24+00:00","breadcrumb":{"@id":"https:\/\/www.theblender.be\/nl\/produit\/omega-verticale-juicer-372\/#breadcrumb"},"inLanguage":"nl-NL","potentialAction":[{"@type":"ReadAction","target":["https:\/\/www.theblender.be\/nl\/produit\/omega-verticale-juicer-372\/"]}]},{"@type":"ImageObject","inLanguage":"nl-NL","@id":"https:\/\/www.theblender.be\/nl\/produit\/omega-verticale-juicer-372\/#primaryimage","url":"https:\/\/www.theblender.be\/wp-content\/uploads\/2022\/04\/Photo-VRT372HDS-1.jpg","contentUrl":"https:\/\/www.theblender.be\/wp-content\/uploads\/2022\/04\/Photo-VRT372HDS-1.jpg","width":1000,"height":1000},{"@type":"BreadcrumbList","@id":"https:\/\/www.theblender.be\/nl\/produit\/omega-verticale-juicer-372\/#breadcrumb","itemListElement":[{"@type":"ListItem","position":1,"name":"Accueil","item":"https:\/\/www.theblender.be\/nl\/"},{"@type":"ListItem","position":2,"name":"Winkelen","item":"https:\/\/www.theblender.be\/nl\/winkelen\/"},{"@type":"ListItem","position":3,"name":"Omega &#8211; Verticale juicer 372"}]},{"@type":"WebSite","@id":"https:\/\/www.theblender.be\/#website","url":"https:\/\/www.theblender.be\/","name":"The Blender","description":"De Blender: premium merk specialist in wellness","publisher":{"@id":"https:\/\/www.theblender.be\/#organization"},"potentialAction":[{"@type":"SearchAction","target":{"@type":"EntryPoint","urlTemplate":"https:\/\/www.theblender.be\/?s={search_term_string}"},"query-input":{"@type":"PropertyValueSpecification","valueRequired":true,"valueName":"search_term_string"}}],"inLanguage":"nl-NL"},{"@type":"Organization","@id":"https:\/\/www.theblender.be\/#organization","name":"The Blender","url":"https:\/\/www.theblender.be\/","logo":{"@type":"ImageObject","inLanguage":"nl-NL","@id":"https:\/\/www.theblender.be\/#\/schema\/logo\/image\/","url":"https:\/\/www.theblender.be\/wp-content\/uploads\/2022\/04\/logo-theblender.svg","contentUrl":"https:\/\/www.theblender.be\/wp-content\/uploads\/2022\/04\/logo-theblender.svg","width":296,"height":267,"caption":"The Blender"},"image":{"@id":"https:\/\/www.theblender.be\/#\/schema\/logo\/image\/"}}]}},"_links":{"self":[{"href":"https:\/\/www.theblender.be\/nl\/wp-json\/wp\/v2\/product\/3178","targetHints":{"allow":["GET"]}}],"collection":[{"href":"https:\/\/www.theblender.be\/nl\/wp-json\/wp\/v2\/product"}],"about":[{"href":"https:\/\/www.theblender.be\/nl\/wp-json\/wp\/v2\/types\/product"}],"wp:featuredmedia":[{"embeddable":true,"href":"https:\/\/www.theblender.be\/nl\/wp-json\/wp\/v2\/media\/3022"}],"wp:attachment":[{"href":"https:\/\/www.theblender.be\/nl\/wp-json\/wp\/v2\/media?parent=3178"}],"wp:term":[{"taxonomy":"product_brand","embeddable":true,"href":"https:\/\/www.theblender.be\/nl\/wp-json\/wp\/v2\/product_brand?post=3178"},{"taxonomy":"product_cat","embeddable":true,"href":"https:\/\/www.theblender.be\/nl\/wp-json\/wp\/v2\/product_cat?post=3178"},{"taxonomy":"product_tag","embeddable":true,"href":"https:\/\/www.theblender.be\/nl\/wp-json\/wp\/v2\/product_tag?post=3178"}],"curies":[{"name":"wp","href":"https:\/\/api.w.org\/{rel}","templated":true}]}}