{"id":3168,"date":"2022-04-06T13:12:34","date_gmt":"2022-04-06T11:12:34","guid":{"rendered":"https:\/\/www.theblender.be\/?page_id=3168"},"modified":"2025-02-24T14:11:30","modified_gmt":"2025-02-24T13:11:30","slug":"receptideeen","status":"publish","type":"page","link":"https:\/\/www.theblender.be\/nl\/receptideeen\/","title":{"rendered":"Receptidee\u00ebn"},"content":{"rendered":"\t\t<div data-elementor-type=\"wp-page\" data-elementor-id=\"3168\" class=\"elementor elementor-3168 elementor-672\" data-elementor-post-type=\"page\">\n\t\t\t\t\t\t<section class=\"elementor-section elementor-top-section elementor-element elementor-element-d312a53 elementor-section-boxed elementor-section-height-default elementor-section-height-default\" data-id=\"d312a53\" data-element_type=\"section\" data-e-type=\"section\">\n\t\t\t\t\t\t<div class=\"elementor-container elementor-column-gap-default\">\n\t\t\t\t\t<div class=\"elementor-column elementor-col-100 elementor-top-column elementor-element elementor-element-ccc8263\" data-id=\"ccc8263\" data-element_type=\"column\" data-e-type=\"column\">\n\t\t\t<div class=\"elementor-widget-wrap elementor-element-populated\">\n\t\t\t\t\t\t<div class=\"elementor-element elementor-element-94dfb11 elementor-widget elementor-widget-heading\" data-id=\"94dfb11\" data-element_type=\"widget\" data-e-type=\"widget\" data-widget_type=\"heading.default\">\n\t\t\t\t<div class=\"elementor-widget-container\">\n\t\t\t\t\t<h1 class=\"elementor-heading-title elementor-size-default\">Receptidee\u00ebn<\/h1>\t\t\t\t<\/div>\n\t\t\t\t<\/div>\n\t\t\t\t\t<\/div>\n\t\t<\/div>\n\t\t\t\t\t<\/div>\n\t\t<\/section>\n\t\t\t\t<section class=\"elementor-section elementor-top-section elementor-element elementor-element-1744647 elementor-section-boxed elementor-section-height-default elementor-section-height-default\" data-id=\"1744647\" data-element_type=\"section\" data-e-type=\"section\">\n\t\t\t\t\t\t<div class=\"elementor-container elementor-column-gap-default\">\n\t\t\t\t\t<div class=\"elementor-column elementor-col-100 elementor-top-column elementor-element elementor-element-9b7b636\" data-id=\"9b7b636\" data-element_type=\"column\" data-e-type=\"column\">\n\t\t\t<div class=\"elementor-widget-wrap elementor-element-populated\">\n\t\t\t\t\t\t<div class=\"elementor-element elementor-element-40660b2 elementor-widget elementor-widget-heading\" data-id=\"40660b2\" data-element_type=\"widget\" data-e-type=\"widget\" data-widget_type=\"heading.default\">\n\t\t\t\t<div class=\"elementor-widget-container\">\n\t\t\t\t\t<h2 class=\"elementor-heading-title elementor-size-default\">Heb je wat inspiratie nodig? Hier zijn wat receptidee\u00ebn<\/h2>\t\t\t\t<\/div>\n\t\t\t\t<\/div>\n\t\t\t\t\t<\/div>\n\t\t<\/div>\n\t\t\t\t\t<\/div>\n\t\t<\/section>\n\t\t\t\t<section class=\"elementor-section elementor-top-section elementor-element elementor-element-f2e3f4c elementor-section-boxed elementor-section-height-default elementor-section-height-default\" data-id=\"f2e3f4c\" data-element_type=\"section\" data-e-type=\"section\" data-settings=\"{&quot;background_background&quot;:&quot;classic&quot;}\">\n\t\t\t\t\t\t<div class=\"elementor-container elementor-column-gap-extended\">\n\t\t\t\t\t<div class=\"elementor-column elementor-col-100 elementor-top-column elementor-element elementor-element-22b9141\" data-id=\"22b9141\" data-element_type=\"column\" data-e-type=\"column\">\n\t\t\t<div class=\"elementor-widget-wrap elementor-element-populated\">\n\t\t\t\t\t\t<div class=\"elementor-element elementor-element-66200d4 elementor-align-center elementor-mobile-align-justify elementor-widget elementor-widget-button\" data-id=\"66200d4\" data-element_type=\"widget\" data-e-type=\"widget\" data-widget_type=\"button.default\">\n\t\t\t\t<div class=\"elementor-widget-container\">\n\t\t\t\t\t\t\t\t\t<div class=\"elementor-button-wrapper\">\n\t\t\t\t\t<a class=\"elementor-button elementor-button-link elementor-size-sm\" href=\"https:\/\/www.dejelin.be\/nl\/category\/recepten\/\" target=\"_blank\">\n\t\t\t\t\t\t<span class=\"elementor-button-content-wrapper\">\n\t\t\t\t\t\t<span class=\"elementor-button-icon\">\n\t\t\t\t<i aria-hidden=\"true\" class=\"fas fa-chevron-right\"><\/i>\t\t\t<\/span>\n\t\t\t\t\t\t\t\t\t<span class=\"elementor-button-text\">Dejelin recepten<\/span>\n\t\t\t\t\t<\/span>\n\t\t\t\t\t<\/a>\n\t\t\t\t<\/div>\n\t\t\t\t\t\t\t\t<\/div>\n\t\t\t\t<\/div>\n\t\t\t\t\t<\/div>\n\t\t<\/div>\n\t\t\t\t\t<\/div>\n\t\t<\/section>\n\t\t\t\t<section class=\"elementor-section elementor-top-section elementor-element elementor-element-9479a0f elementor-section-boxed elementor-section-height-default elementor-section-height-default\" data-id=\"9479a0f\" data-element_type=\"section\" data-e-type=\"section\">\n\t\t\t\t\t\t<div class=\"elementor-container elementor-column-gap-default\">\n\t\t\t\t\t<div class=\"elementor-column elementor-col-100 elementor-top-column elementor-element elementor-element-6f298df\" data-id=\"6f298df\" data-element_type=\"column\" data-e-type=\"column\">\n\t\t\t<div class=\"elementor-widget-wrap elementor-element-populated\">\n\t\t\t\t\t\t<div class=\"elementor-element elementor-element-5006b12 elementor-widget elementor-widget-shortcode\" data-id=\"5006b12\" data-element_type=\"widget\" data-e-type=\"widget\" data-widget_type=\"shortcode.default\">\n\t\t\t\t<div class=\"elementor-widget-container\">\n\t\t\t\t\t\t\t<div class=\"elementor-shortcode\"><div class=\"feedzy-b99271e75e79b0bc2b9229705b40945c feedzy-rss\"><ul><li  style=\"padding: 35px 0 58px\" class=\"rss_item\"><div class=\"rss_image\" style=\"height:350px;width:350px;\"><a href=\"https:\/\/www.dejelin.be\/nl\/glutenvrij-pannenkoekendeeg\/\" target=\"_blank\" rel=\" noopener\" title=\"Glutenvrij pannenkoekendeeg\" style=\"height:350px;width:350px;\"><img decoding=\"async\" src=\"https:\/\/www.dejelin.be\/wp-content\/uploads\/2023\/02\/DEJELIN-crepes-sans-gluten.jpg\" title=\"Glutenvrij pannenkoekendeeg\" style=\"height:350px;width:350px;\"><\/a><\/div><span class=\"title\"><a href=\"https:\/\/www.dejelin.be\/nl\/glutenvrij-pannenkoekendeeg\/\" target=\"_blank\" rel=\" noopener\">Glutenvrij pannenkoekendeeg<\/a><\/span><div class=\"rss_content\" style=\"\"><\/div><\/li><li  style=\"padding: 35px 0 58px\" class=\"rss_item\"><div class=\"rss_image\" style=\"height:350px;width:350px;\"><a href=\"https:\/\/www.dejelin.be\/nl\/pannenkoekendeeg-lactosevrij\/\" target=\"_blank\" rel=\" noopener\" title=\"Pannenkoekendeeg lactosevrij\" style=\"height:350px;width:350px;\"><img decoding=\"async\" src=\"https:\/\/www.dejelin.be\/wp-content\/uploads\/2023\/02\/DEJELIN-Crepes-sans-lactose-1.jpg\" title=\"Pannenkoekendeeg lactosevrij\" style=\"height:350px;width:350px;\"><\/a><\/div><span class=\"title\"><a href=\"https:\/\/www.dejelin.be\/nl\/pannenkoekendeeg-lactosevrij\/\" target=\"_blank\" rel=\" noopener\">Pannenkoekendeeg lactosevrij<\/a><\/span><div class=\"rss_content\" style=\"\"><\/div><\/li><li  style=\"padding: 35px 0 58px\" class=\"rss_item\"><div class=\"rss_image\" style=\"height:350px;width:350px;\"><a href=\"https:\/\/www.dejelin.be\/nl\/yaourt-maison\/\" target=\"_blank\" rel=\" noopener\" title=\"Zelfgemaakte yoghurt\" style=\"height:350px;width:350px;\"><img decoding=\"async\" src=\"https:\/\/www.dejelin.be\/wp-content\/uploads\/2022\/04\/Yogurt-maison-cuiseur-vapeur-dejelin.jpg\" title=\"Zelfgemaakte yoghurt\" style=\"height:350px;width:350px;\"><\/a><\/div><span class=\"title\"><a href=\"https:\/\/www.dejelin.be\/nl\/yaourt-maison\/\" target=\"_blank\" rel=\" noopener\">Zelfgemaakte yoghurt<\/a><\/span><div class=\"rss_content\" style=\"\"><\/div><\/li><li  style=\"padding: 35px 0 58px\" class=\"rss_item\"><div class=\"rss_image\" style=\"height:350px;width:350px;\"><a href=\"https:\/\/www.dejelin.be\/nl\/zachtgekookte-of-hardgekookte-eieren\/\" target=\"_blank\" rel=\" noopener\" title=\"Zachtgekookte of hardgekookte eieren\" style=\"height:350px;width:350px;\"><img decoding=\"async\" src=\"https:\/\/www.dejelin.be\/wp-content\/uploads\/2022\/04\/OEufs-dur.jpg\" title=\"Zachtgekookte of hardgekookte eieren\" style=\"height:350px;width:350px;\"><\/a><\/div><span class=\"title\"><a href=\"https:\/\/www.dejelin.be\/nl\/zachtgekookte-of-hardgekookte-eieren\/\" target=\"_blank\" rel=\" noopener\">Zachtgekookte of hardgekookte eieren<\/a><\/span><div class=\"rss_content\" style=\"\"><\/div><\/li><li  style=\"padding: 35px 0 58px\" class=\"rss_item\"><div class=\"rss_image\" style=\"height:350px;width:350px;\"><a href=\"https:\/\/www.dejelin.be\/nl\/tajine-van-kip-met-citroen\/\" target=\"_blank\" rel=\" noopener\" title=\"Tajine van kip met citroen\" style=\"height:350px;width:350px;\"><img decoding=\"async\" src=\"https:\/\/www.dejelin.be\/wp-content\/uploads\/2021\/10\/Tajine-de-poulet-au-citron.jpg\" title=\"Tajine van kip met citroen\" style=\"height:350px;width:350px;\"><\/a><\/div><span class=\"title\"><a href=\"https:\/\/www.dejelin.be\/nl\/tajine-van-kip-met-citroen\/\" target=\"_blank\" rel=\" noopener\">Tajine van kip met citroen<\/a><\/span><div class=\"rss_content\" style=\"\"><\/div><\/li><li  style=\"padding: 35px 0 58px\" class=\"rss_item\"><div class=\"rss_image\" style=\"height:350px;width:350px;\"><a href=\"https:\/\/www.dejelin.be\/nl\/spicy-choco-smoothie\/\" target=\"_blank\" rel=\" noopener\" title=\"SPICY CHOCO smoothie\" style=\"height:350px;width:350px;\"><img decoding=\"async\" src=\"https:\/\/www.dejelin.be\/wp-content\/uploads\/2021\/11\/recette-spicy-choco-smoothie-blender-nutrisoup.png\" title=\"SPICY CHOCO smoothie\" style=\"height:350px;width:350px;\"><\/a><\/div><span class=\"title\"><a href=\"https:\/\/www.dejelin.be\/nl\/spicy-choco-smoothie\/\" target=\"_blank\" rel=\" noopener\">SPICY CHOCO smoothie<\/a><\/span><div class=\"rss_content\" style=\"\"><\/div><\/li><li  style=\"padding: 35px 0 58px\" class=\"rss_item\"><span class=\"title\"><a href=\"https:\/\/www.dejelin.be\/nl\/havermoutpap-4-varianten\/\" target=\"_blank\" rel=\" noopener\">Havermoutpap:  4 varianten.<\/a><\/span><div class=\"rss_content\" style=\"\"><\/div><\/li><li  style=\"padding: 35px 0 58px\" class=\"rss_item\"><div class=\"rss_image\" style=\"height:350px;width:350px;\"><a href=\"https:\/\/www.dejelin.be\/nl\/cashewnoten-havermoutpap\/\" target=\"_blank\" rel=\" noopener\" title=\"Cashewnoten havermoutpap\" style=\"height:350px;width:350px;\"><img decoding=\"async\" src=\"https:\/\/www.dejelin.be\/wp-content\/uploads\/2021\/11\/Flocons-d-avoine-aux-noix-de-cajou.png\" title=\"Cashewnoten havermoutpap\" style=\"height:350px;width:350px;\"><\/a><\/div><span class=\"title\"><a href=\"https:\/\/www.dejelin.be\/nl\/cashewnoten-havermoutpap\/\" target=\"_blank\" rel=\" noopener\">Cashewnoten havermoutpap<\/a><\/span><div class=\"rss_content\" style=\"\"><\/div><\/li><li  style=\"padding: 35px 0 58px\" class=\"rss_item\"><div class=\"rss_image\" style=\"height:350px;width:350px;\"><a href=\"https:\/\/www.dejelin.be\/nl\/kip-paddenstoelen-congee\/\" target=\"_blank\" rel=\" noopener\" title=\"Kip-paddenstoelen Congee\" style=\"height:350px;width:350px;\"><img decoding=\"async\" src=\"https:\/\/www.dejelin.be\/wp-content\/uploads\/2021\/11\/Congee-au-poulet-et-aux-champignon.png\" title=\"Kip-paddenstoelen Congee\" style=\"height:350px;width:350px;\"><\/a><\/div><span class=\"title\"><a href=\"https:\/\/www.dejelin.be\/nl\/kip-paddenstoelen-congee\/\" target=\"_blank\" rel=\" noopener\">Kip-paddenstoelen Congee<\/a><\/span><div class=\"rss_content\" style=\"\"><\/div><\/li><\/ul> <\/div><style type=\"text\/css\" media=\"all\">.feedzy-rss .rss_item .rss_image{float:left;position:relative;border:none;text-decoration:none;max-width:100%}.feedzy-rss .rss_item .rss_image span{display:inline-block;position:absolute;width:100%;height:100%;background-position:50%;background-size:cover}.feedzy-rss .rss_item .rss_image{margin:.3em 1em 0 0;content-visibility:auto}.feedzy-rss ul{list-style:none}.feedzy-rss ul li{display:inline-block}<\/style><\/div>\n\t\t\t\t\t\t<\/div>\n\t\t\t\t<\/div>\n\t\t\t\t\t<\/div>\n\t\t<\/div>\n\t\t\t\t\t<\/div>\n\t\t<\/section>\n\t\t\t\t<\/div>\n\t\t","protected":false},"excerpt":{"rendered":"<p>Receptidee\u00ebn Heb je wat inspiratie nodig? Hier zijn wat receptidee\u00ebn Dejelin recepten<\/p>\n","protected":false},"author":1,"featured_media":0,"parent":0,"menu_order":0,"comment_status":"closed","ping_status":"closed","template":"","meta":{"_acf_changed":false,"footnotes":""},"class_list":["post-3168","page","type-page","status-publish","hentry"],"acf":[],"yoast_head":"<!-- This site is optimized with the Yoast SEO plugin v27.5 - https:\/\/yoast.com\/product\/yoast-seo-wordpress\/ -->\n<title>Receptidee\u00ebn - The Blender<\/title>\n<meta name=\"robots\" content=\"index, follow, max-snippet:-1, max-image-preview:large, max-video-preview:-1\" \/>\n<link rel=\"canonical\" href=\"https:\/\/www.theblender.be\/idees-recettes\/\" \/>\n<meta property=\"og:locale\" content=\"nl_NL\" \/>\n<meta property=\"og:type\" content=\"article\" \/>\n<meta property=\"og:title\" content=\"Receptidee\u00ebn - The Blender\" \/>\n<meta property=\"og:description\" content=\"Receptidee\u00ebn Heb je wat inspiratie nodig? Hier zijn wat receptidee\u00ebn Dejelin recepten\" \/>\n<meta property=\"og:url\" content=\"https:\/\/www.theblender.be\/idees-recettes\/\" \/>\n<meta property=\"og:site_name\" content=\"The Blender\" \/>\n<meta property=\"article:modified_time\" content=\"2025-02-24T13:11:30+00:00\" \/>\n<meta name=\"twitter:card\" content=\"summary_large_image\" \/>\n<meta name=\"twitter:label1\" content=\"Geschatte leestijd\" \/>\n\t<meta name=\"twitter:data1\" content=\"1 minuut\" \/>\n<script type=\"application\/ld+json\" class=\"yoast-schema-graph\">{\"@context\":\"https:\\\/\\\/schema.org\",\"@graph\":[{\"@type\":\"WebPage\",\"@id\":\"https:\\\/\\\/www.theblender.be\\\/idees-recettes\\\/\",\"url\":\"https:\\\/\\\/www.theblender.be\\\/idees-recettes\\\/\",\"name\":\"Receptidee\u00ebn - The Blender\",\"isPartOf\":{\"@id\":\"https:\\\/\\\/www.theblender.be\\\/#website\"},\"datePublished\":\"2022-04-06T11:12:34+00:00\",\"dateModified\":\"2025-02-24T13:11:30+00:00\",\"breadcrumb\":{\"@id\":\"https:\\\/\\\/www.theblender.be\\\/idees-recettes\\\/#breadcrumb\"},\"inLanguage\":\"nl-NL\",\"potentialAction\":[{\"@type\":\"ReadAction\",\"target\":[\"https:\\\/\\\/www.theblender.be\\\/idees-recettes\\\/\"]}]},{\"@type\":\"BreadcrumbList\",\"@id\":\"https:\\\/\\\/www.theblender.be\\\/idees-recettes\\\/#breadcrumb\",\"itemListElement\":[{\"@type\":\"ListItem\",\"position\":1,\"name\":\"Accueil\",\"item\":\"https:\\\/\\\/www.theblender.be\\\/nl\\\/\"},{\"@type\":\"ListItem\",\"position\":2,\"name\":\"Receptidee\u00ebn\"}]},{\"@type\":\"WebSite\",\"@id\":\"https:\\\/\\\/www.theblender.be\\\/#website\",\"url\":\"https:\\\/\\\/www.theblender.be\\\/\",\"name\":\"The Blender\",\"description\":\"De Blender: premium merk specialist in wellness\",\"publisher\":{\"@id\":\"https:\\\/\\\/www.theblender.be\\\/#organization\"},\"potentialAction\":[{\"@type\":\"SearchAction\",\"target\":{\"@type\":\"EntryPoint\",\"urlTemplate\":\"https:\\\/\\\/www.theblender.be\\\/?s={search_term_string}\"},\"query-input\":{\"@type\":\"PropertyValueSpecification\",\"valueRequired\":true,\"valueName\":\"search_term_string\"}}],\"inLanguage\":\"nl-NL\"},{\"@type\":\"Organization\",\"@id\":\"https:\\\/\\\/www.theblender.be\\\/#organization\",\"name\":\"The Blender\",\"url\":\"https:\\\/\\\/www.theblender.be\\\/\",\"logo\":{\"@type\":\"ImageObject\",\"inLanguage\":\"nl-NL\",\"@id\":\"https:\\\/\\\/www.theblender.be\\\/#\\\/schema\\\/logo\\\/image\\\/\",\"url\":\"https:\\\/\\\/www.theblender.be\\\/wp-content\\\/uploads\\\/2022\\\/04\\\/logo-theblender.svg\",\"contentUrl\":\"https:\\\/\\\/www.theblender.be\\\/wp-content\\\/uploads\\\/2022\\\/04\\\/logo-theblender.svg\",\"width\":296,\"height\":267,\"caption\":\"The Blender\"},\"image\":{\"@id\":\"https:\\\/\\\/www.theblender.be\\\/#\\\/schema\\\/logo\\\/image\\\/\"}}]}<\/script>\n<!-- \/ Yoast SEO plugin. -->","yoast_head_json":{"title":"Receptidee\u00ebn - The Blender","robots":{"index":"index","follow":"follow","max-snippet":"max-snippet:-1","max-image-preview":"max-image-preview:large","max-video-preview":"max-video-preview:-1"},"canonical":"https:\/\/www.theblender.be\/idees-recettes\/","og_locale":"nl_NL","og_type":"article","og_title":"Receptidee\u00ebn - The Blender","og_description":"Receptidee\u00ebn Heb je wat inspiratie nodig? Hier zijn wat receptidee\u00ebn Dejelin recepten","og_url":"https:\/\/www.theblender.be\/idees-recettes\/","og_site_name":"The Blender","article_modified_time":"2025-02-24T13:11:30+00:00","twitter_card":"summary_large_image","twitter_misc":{"Geschatte leestijd":"1 minuut"},"schema":{"@context":"https:\/\/schema.org","@graph":[{"@type":"WebPage","@id":"https:\/\/www.theblender.be\/idees-recettes\/","url":"https:\/\/www.theblender.be\/idees-recettes\/","name":"Receptidee\u00ebn - The Blender","isPartOf":{"@id":"https:\/\/www.theblender.be\/#website"},"datePublished":"2022-04-06T11:12:34+00:00","dateModified":"2025-02-24T13:11:30+00:00","breadcrumb":{"@id":"https:\/\/www.theblender.be\/idees-recettes\/#breadcrumb"},"inLanguage":"nl-NL","potentialAction":[{"@type":"ReadAction","target":["https:\/\/www.theblender.be\/idees-recettes\/"]}]},{"@type":"BreadcrumbList","@id":"https:\/\/www.theblender.be\/idees-recettes\/#breadcrumb","itemListElement":[{"@type":"ListItem","position":1,"name":"Accueil","item":"https:\/\/www.theblender.be\/nl\/"},{"@type":"ListItem","position":2,"name":"Receptidee\u00ebn"}]},{"@type":"WebSite","@id":"https:\/\/www.theblender.be\/#website","url":"https:\/\/www.theblender.be\/","name":"The Blender","description":"De Blender: premium merk specialist in wellness","publisher":{"@id":"https:\/\/www.theblender.be\/#organization"},"potentialAction":[{"@type":"SearchAction","target":{"@type":"EntryPoint","urlTemplate":"https:\/\/www.theblender.be\/?s={search_term_string}"},"query-input":{"@type":"PropertyValueSpecification","valueRequired":true,"valueName":"search_term_string"}}],"inLanguage":"nl-NL"},{"@type":"Organization","@id":"https:\/\/www.theblender.be\/#organization","name":"The Blender","url":"https:\/\/www.theblender.be\/","logo":{"@type":"ImageObject","inLanguage":"nl-NL","@id":"https:\/\/www.theblender.be\/#\/schema\/logo\/image\/","url":"https:\/\/www.theblender.be\/wp-content\/uploads\/2022\/04\/logo-theblender.svg","contentUrl":"https:\/\/www.theblender.be\/wp-content\/uploads\/2022\/04\/logo-theblender.svg","width":296,"height":267,"caption":"The Blender"},"image":{"@id":"https:\/\/www.theblender.be\/#\/schema\/logo\/image\/"}}]}},"_links":{"self":[{"href":"https:\/\/www.theblender.be\/nl\/wp-json\/wp\/v2\/pages\/3168","targetHints":{"allow":["GET"]}}],"collection":[{"href":"https:\/\/www.theblender.be\/nl\/wp-json\/wp\/v2\/pages"}],"about":[{"href":"https:\/\/www.theblender.be\/nl\/wp-json\/wp\/v2\/types\/page"}],"author":[{"embeddable":true,"href":"https:\/\/www.theblender.be\/nl\/wp-json\/wp\/v2\/users\/1"}],"replies":[{"embeddable":true,"href":"https:\/\/www.theblender.be\/nl\/wp-json\/wp\/v2\/comments?post=3168"}],"version-history":[{"count":3,"href":"https:\/\/www.theblender.be\/nl\/wp-json\/wp\/v2\/pages\/3168\/revisions"}],"predecessor-version":[{"id":7874,"href":"https:\/\/www.theblender.be\/nl\/wp-json\/wp\/v2\/pages\/3168\/revisions\/7874"}],"wp:attachment":[{"href":"https:\/\/www.theblender.be\/nl\/wp-json\/wp\/v2\/media?parent=3168"}],"curies":[{"name":"wp","href":"https:\/\/api.w.org\/{rel}","templated":true}]}}