{"id":4148,"date":"2022-04-20T15:25:35","date_gmt":"2022-04-20T13:25:35","guid":{"rendered":"https:\/\/www.theblender.be\/produit\/uncategorized\/dejelin-deshydrateur-nutridry-nd500\/"},"modified":"2024-08-01T00:04:33","modified_gmt":"2024-07-31T22:04:33","slug":"dejelin-food-dehydrator-nutridry-nd500","status":"publish","type":"product","link":"https:\/\/www.theblender.be\/en\/produit\/dejelin-food-dehydrator-nutridry-nd500\/","title":{"rendered":"Dejelin &#8211; Food Dehydrator NutriDry ND500"},"content":{"rendered":"<p>Take advantage of the Father\u2019s Day offer from June 5 to 18! For any purchase of this ND500 dehydrator, receive <span class=\"Y2IQFc\" lang=\"en\">a NutriFlex Grid and a Nutridry Tray as a gift!<\/span><\/p>\n<p><strong>The food dehydrator NutriDry at a glance<\/strong><\/p>\n<ul>\n<li>Digital thermostat<\/li>\n<li>Temperature from 35\u00b0C to 70\u00b0C<\/li>\n<li>Lateral dispersion of the hot air<\/li>\n<li>Rotation of the plates<\/li>\n<li>Adjustable timer<\/li>\n<li>Count down of remaining time function<\/li>\n<li>5 adjustable plates (possibility to add 3 extra plates)<\/li>\n<\/ul>\n","protected":false},"excerpt":{"rendered":"<div class=\"container-main-cuiseur-vapeur\">\n<div class=\"container-cuiseur-vapeur-modele nutristeam\">\n<ul>\n<li>Food Dehydrator with electrical cord<\/li>\n<li>5 plates<\/li>\n<li>Lid<\/li>\n<li>1 Nutriflex sheet<\/li>\n<li>1 Flowerflex sheet<\/li>\n<li>Dehydrating guide and recipe ideas<\/li>\n<li>User manual<\/li>\n<\/ul>\n<\/div>\n<\/div>\n","protected":false},"featured_media":3767,"template":"","meta":{"_acf_changed":false},"product_brand":[],"product_cat":[500],"product_tag":[730],"class_list":{"0":"post-4148","1":"product","2":"type-product","3":"status-publish","4":"has-post-thumbnail","6":"product_cat-our-food-dehydrators","7":"product_tag-dejelin","8":"pa_capacite-8-plateaux-en","9":"pa_fonction-maintien-au-sec-oui-en","10":"pa_garantie-2-ans-en","11":"pa_livre-de-recettes-inclus-en","12":"pa_minuterie-48-heures-en","13":"pa_plateaux-inclus-5-plateaux-ajustables-en-plastique-sans-bpa-en","14":"pa_puissance-500-watts-en","15":"pa_qualite-crudite-oui-en","16":"pa_smart-drying-system-non-en","17":"pa_surface-de-sechage-057m2-en","18":"pa_systeme-rotative-airflow-system-en","19":"pa_temperature-variable-35c-a-70c-en","21":"first","22":"outofstock","23":"shipping-taxable","24":"purchasable","25":"product-type-simple"},"acf":[],"yoast_head":"<!-- This site is optimized with the Yoast SEO plugin v27.3 - https:\/\/yoast.com\/product\/yoast-seo-wordpress\/ -->\n<title>Le d\u00e9shydrateur ND500 pour s\u00e9cher tous vos aliments<\/title>\n<meta name=\"description\" content=\"Le d\u00e9shydrateur ND500 est compact mais s\u00e8che parfaitement tous vos aliments. Temp\u00e9rature pr\u00e9cise et constante avec une diffusion lat\u00e9rale de l\u2019air chaud.\" \/>\n<meta name=\"robots\" content=\"index, follow, max-snippet:-1, max-image-preview:large, max-video-preview:-1\" \/>\n<link rel=\"canonical\" href=\"https:\/\/www.theblender.be\/en\/produit\/dejelin-food-dehydrator-nutridry-nd500\/\" \/>\n<meta property=\"og:locale\" content=\"en_US\" \/>\n<meta property=\"og:type\" content=\"article\" \/>\n<meta property=\"og:title\" content=\"Le d\u00e9shydrateur ND500 pour s\u00e9cher tous vos aliments\" \/>\n<meta property=\"og:description\" content=\"Le d\u00e9shydrateur ND500 est compact mais s\u00e8che parfaitement tous vos aliments. Temp\u00e9rature pr\u00e9cise et constante avec une diffusion lat\u00e9rale de l\u2019air chaud.\" \/>\n<meta property=\"og:url\" content=\"https:\/\/www.theblender.be\/en\/produit\/dejelin-food-dehydrator-nutridry-nd500\/\" \/>\n<meta property=\"og:site_name\" content=\"The Blender\" \/>\n<meta property=\"article:modified_time\" content=\"2024-07-31T22:04:33+00:00\" \/>\n<meta property=\"og:image\" content=\"https:\/\/www.theblender.be\/wp-content\/uploads\/2022\/04\/deshydrateurs-ND500-1-2.jpg\" \/>\n\t<meta property=\"og:image:width\" content=\"1100\" \/>\n\t<meta property=\"og:image:height\" content=\"1100\" \/>\n\t<meta property=\"og:image:type\" content=\"image\/jpeg\" \/>\n<meta name=\"twitter:card\" content=\"summary_large_image\" \/>\n<meta name=\"twitter:label1\" content=\"Est. reading time\" \/>\n\t<meta name=\"twitter:data1\" content=\"1 minute\" \/>\n<script type=\"application\/ld+json\" class=\"yoast-schema-graph\">{\"@context\":\"https:\\\/\\\/schema.org\",\"@graph\":[{\"@type\":\"WebPage\",\"@id\":\"https:\\\/\\\/www.theblender.be\\\/en\\\/produit\\\/dejelin-food-dehydrator-nutridry-nd500\\\/\",\"url\":\"https:\\\/\\\/www.theblender.be\\\/en\\\/produit\\\/dejelin-food-dehydrator-nutridry-nd500\\\/\",\"name\":\"Le d\u00e9shydrateur ND500 pour s\u00e9cher tous vos aliments\",\"isPartOf\":{\"@id\":\"https:\\\/\\\/www.theblender.be\\\/#website\"},\"primaryImageOfPage\":{\"@id\":\"https:\\\/\\\/www.theblender.be\\\/en\\\/produit\\\/dejelin-food-dehydrator-nutridry-nd500\\\/#primaryimage\"},\"image\":{\"@id\":\"https:\\\/\\\/www.theblender.be\\\/en\\\/produit\\\/dejelin-food-dehydrator-nutridry-nd500\\\/#primaryimage\"},\"thumbnailUrl\":\"https:\\\/\\\/www.theblender.be\\\/wp-content\\\/uploads\\\/2022\\\/04\\\/deshydrateurs-ND500-1-2.jpg\",\"datePublished\":\"2022-04-20T13:25:35+00:00\",\"dateModified\":\"2024-07-31T22:04:33+00:00\",\"description\":\"Le d\u00e9shydrateur ND500 est compact mais s\u00e8che parfaitement tous vos aliments. Temp\u00e9rature pr\u00e9cise et constante avec une diffusion lat\u00e9rale de l\u2019air chaud.\",\"breadcrumb\":{\"@id\":\"https:\\\/\\\/www.theblender.be\\\/en\\\/produit\\\/dejelin-food-dehydrator-nutridry-nd500\\\/#breadcrumb\"},\"inLanguage\":\"en-US\",\"potentialAction\":[{\"@type\":\"ReadAction\",\"target\":[\"https:\\\/\\\/www.theblender.be\\\/en\\\/produit\\\/dejelin-food-dehydrator-nutridry-nd500\\\/\"]}]},{\"@type\":\"ImageObject\",\"inLanguage\":\"en-US\",\"@id\":\"https:\\\/\\\/www.theblender.be\\\/en\\\/produit\\\/dejelin-food-dehydrator-nutridry-nd500\\\/#primaryimage\",\"url\":\"https:\\\/\\\/www.theblender.be\\\/wp-content\\\/uploads\\\/2022\\\/04\\\/deshydrateurs-ND500-1-2.jpg\",\"contentUrl\":\"https:\\\/\\\/www.theblender.be\\\/wp-content\\\/uploads\\\/2022\\\/04\\\/deshydrateurs-ND500-1-2.jpg\",\"width\":1100,\"height\":1100},{\"@type\":\"BreadcrumbList\",\"@id\":\"https:\\\/\\\/www.theblender.be\\\/en\\\/produit\\\/dejelin-food-dehydrator-nutridry-nd500\\\/#breadcrumb\",\"itemListElement\":[{\"@type\":\"ListItem\",\"position\":1,\"name\":\"Accueil\",\"item\":\"https:\\\/\\\/www.theblender.be\\\/\"},{\"@type\":\"ListItem\",\"position\":2,\"name\":\"Shop\",\"item\":\"https:\\\/\\\/www.theblender.be\\\/en\\\/shop\\\/\"},{\"@type\":\"ListItem\",\"position\":3,\"name\":\"Dejelin &#8211; Food Dehydrator NutriDry ND500\"}]},{\"@type\":\"WebSite\",\"@id\":\"https:\\\/\\\/www.theblender.be\\\/#website\",\"url\":\"https:\\\/\\\/www.theblender.be\\\/\",\"name\":\"The Blender\",\"description\":\"The Blender: your premium wellness brand specialist\",\"publisher\":{\"@id\":\"https:\\\/\\\/www.theblender.be\\\/#organization\"},\"potentialAction\":[{\"@type\":\"SearchAction\",\"target\":{\"@type\":\"EntryPoint\",\"urlTemplate\":\"https:\\\/\\\/www.theblender.be\\\/?s={search_term_string}\"},\"query-input\":{\"@type\":\"PropertyValueSpecification\",\"valueRequired\":true,\"valueName\":\"search_term_string\"}}],\"inLanguage\":\"en-US\"},{\"@type\":\"Organization\",\"@id\":\"https:\\\/\\\/www.theblender.be\\\/#organization\",\"name\":\"The Blender\",\"url\":\"https:\\\/\\\/www.theblender.be\\\/\",\"logo\":{\"@type\":\"ImageObject\",\"inLanguage\":\"en-US\",\"@id\":\"https:\\\/\\\/www.theblender.be\\\/#\\\/schema\\\/logo\\\/image\\\/\",\"url\":\"https:\\\/\\\/www.theblender.be\\\/wp-content\\\/uploads\\\/2022\\\/04\\\/logo-theblender.svg\",\"contentUrl\":\"https:\\\/\\\/www.theblender.be\\\/wp-content\\\/uploads\\\/2022\\\/04\\\/logo-theblender.svg\",\"width\":296,\"height\":267,\"caption\":\"The Blender\"},\"image\":{\"@id\":\"https:\\\/\\\/www.theblender.be\\\/#\\\/schema\\\/logo\\\/image\\\/\"}}]}<\/script>\n<!-- \/ Yoast SEO plugin. -->","yoast_head_json":{"title":"Le d\u00e9shydrateur ND500 pour s\u00e9cher tous vos aliments","description":"Le d\u00e9shydrateur ND500 est compact mais s\u00e8che parfaitement tous vos aliments. Temp\u00e9rature pr\u00e9cise et constante avec une diffusion lat\u00e9rale de l\u2019air chaud.","robots":{"index":"index","follow":"follow","max-snippet":"max-snippet:-1","max-image-preview":"max-image-preview:large","max-video-preview":"max-video-preview:-1"},"canonical":"https:\/\/www.theblender.be\/en\/produit\/dejelin-food-dehydrator-nutridry-nd500\/","og_locale":"en_US","og_type":"article","og_title":"Le d\u00e9shydrateur ND500 pour s\u00e9cher tous vos aliments","og_description":"Le d\u00e9shydrateur ND500 est compact mais s\u00e8che parfaitement tous vos aliments. Temp\u00e9rature pr\u00e9cise et constante avec une diffusion lat\u00e9rale de l\u2019air chaud.","og_url":"https:\/\/www.theblender.be\/en\/produit\/dejelin-food-dehydrator-nutridry-nd500\/","og_site_name":"The Blender","article_modified_time":"2024-07-31T22:04:33+00:00","og_image":[{"width":1100,"height":1100,"url":"https:\/\/www.theblender.be\/wp-content\/uploads\/2022\/04\/deshydrateurs-ND500-1-2.jpg","type":"image\/jpeg"}],"twitter_card":"summary_large_image","twitter_misc":{"Est. reading time":"1 minute"},"schema":{"@context":"https:\/\/schema.org","@graph":[{"@type":"WebPage","@id":"https:\/\/www.theblender.be\/en\/produit\/dejelin-food-dehydrator-nutridry-nd500\/","url":"https:\/\/www.theblender.be\/en\/produit\/dejelin-food-dehydrator-nutridry-nd500\/","name":"Le d\u00e9shydrateur ND500 pour s\u00e9cher tous vos aliments","isPartOf":{"@id":"https:\/\/www.theblender.be\/#website"},"primaryImageOfPage":{"@id":"https:\/\/www.theblender.be\/en\/produit\/dejelin-food-dehydrator-nutridry-nd500\/#primaryimage"},"image":{"@id":"https:\/\/www.theblender.be\/en\/produit\/dejelin-food-dehydrator-nutridry-nd500\/#primaryimage"},"thumbnailUrl":"https:\/\/www.theblender.be\/wp-content\/uploads\/2022\/04\/deshydrateurs-ND500-1-2.jpg","datePublished":"2022-04-20T13:25:35+00:00","dateModified":"2024-07-31T22:04:33+00:00","description":"Le d\u00e9shydrateur ND500 est compact mais s\u00e8che parfaitement tous vos aliments. Temp\u00e9rature pr\u00e9cise et constante avec une diffusion lat\u00e9rale de l\u2019air chaud.","breadcrumb":{"@id":"https:\/\/www.theblender.be\/en\/produit\/dejelin-food-dehydrator-nutridry-nd500\/#breadcrumb"},"inLanguage":"en-US","potentialAction":[{"@type":"ReadAction","target":["https:\/\/www.theblender.be\/en\/produit\/dejelin-food-dehydrator-nutridry-nd500\/"]}]},{"@type":"ImageObject","inLanguage":"en-US","@id":"https:\/\/www.theblender.be\/en\/produit\/dejelin-food-dehydrator-nutridry-nd500\/#primaryimage","url":"https:\/\/www.theblender.be\/wp-content\/uploads\/2022\/04\/deshydrateurs-ND500-1-2.jpg","contentUrl":"https:\/\/www.theblender.be\/wp-content\/uploads\/2022\/04\/deshydrateurs-ND500-1-2.jpg","width":1100,"height":1100},{"@type":"BreadcrumbList","@id":"https:\/\/www.theblender.be\/en\/produit\/dejelin-food-dehydrator-nutridry-nd500\/#breadcrumb","itemListElement":[{"@type":"ListItem","position":1,"name":"Accueil","item":"https:\/\/www.theblender.be\/"},{"@type":"ListItem","position":2,"name":"Shop","item":"https:\/\/www.theblender.be\/en\/shop\/"},{"@type":"ListItem","position":3,"name":"Dejelin &#8211; Food Dehydrator NutriDry ND500"}]},{"@type":"WebSite","@id":"https:\/\/www.theblender.be\/#website","url":"https:\/\/www.theblender.be\/","name":"The Blender","description":"The Blender: your premium wellness brand specialist","publisher":{"@id":"https:\/\/www.theblender.be\/#organization"},"potentialAction":[{"@type":"SearchAction","target":{"@type":"EntryPoint","urlTemplate":"https:\/\/www.theblender.be\/?s={search_term_string}"},"query-input":{"@type":"PropertyValueSpecification","valueRequired":true,"valueName":"search_term_string"}}],"inLanguage":"en-US"},{"@type":"Organization","@id":"https:\/\/www.theblender.be\/#organization","name":"The Blender","url":"https:\/\/www.theblender.be\/","logo":{"@type":"ImageObject","inLanguage":"en-US","@id":"https:\/\/www.theblender.be\/#\/schema\/logo\/image\/","url":"https:\/\/www.theblender.be\/wp-content\/uploads\/2022\/04\/logo-theblender.svg","contentUrl":"https:\/\/www.theblender.be\/wp-content\/uploads\/2022\/04\/logo-theblender.svg","width":296,"height":267,"caption":"The Blender"},"image":{"@id":"https:\/\/www.theblender.be\/#\/schema\/logo\/image\/"}}]}},"_links":{"self":[{"href":"https:\/\/www.theblender.be\/en\/wp-json\/wp\/v2\/product\/4148","targetHints":{"allow":["GET"]}}],"collection":[{"href":"https:\/\/www.theblender.be\/en\/wp-json\/wp\/v2\/product"}],"about":[{"href":"https:\/\/www.theblender.be\/en\/wp-json\/wp\/v2\/types\/product"}],"wp:featuredmedia":[{"embeddable":true,"href":"https:\/\/www.theblender.be\/en\/wp-json\/wp\/v2\/media\/3767"}],"wp:attachment":[{"href":"https:\/\/www.theblender.be\/en\/wp-json\/wp\/v2\/media?parent=4148"}],"wp:term":[{"taxonomy":"product_brand","embeddable":true,"href":"https:\/\/www.theblender.be\/en\/wp-json\/wp\/v2\/product_brand?post=4148"},{"taxonomy":"product_cat","embeddable":true,"href":"https:\/\/www.theblender.be\/en\/wp-json\/wp\/v2\/product_cat?post=4148"},{"taxonomy":"product_tag","embeddable":true,"href":"https:\/\/www.theblender.be\/en\/wp-json\/wp\/v2\/product_tag?post=4148"}],"curies":[{"name":"wp","href":"https:\/\/api.w.org\/{rel}","templated":true}]}}