{"id":4141,"date":"2022-04-20T15:25:36","date_gmt":"2022-04-20T13:25:36","guid":{"rendered":"https:\/\/www.theblender.be\/produit\/uncategorized\/dejelin-extracteur-de-jus-vertical-slj100\/"},"modified":"2024-08-01T00:04:34","modified_gmt":"2024-07-31T22:04:34","slug":"dejelin-vertical-juicer-slj100","status":"publish","type":"product","link":"https:\/\/www.theblender.be\/en\/produit\/dejelin-vertical-juicer-slj100\/","title":{"rendered":"Dejelin &#8211; Vertical Juicer  SLJ100"},"content":{"rendered":"<ol>\n<li><strong>The juicer at a glance<\/strong><\/li>\n<\/ol>\n<ul>\n<li>Slow rotation of 60 RPM<\/li>\n<li>Large opening (75 mm)<\/li>\n<li>3 sieves : fine sieve, large sieve and &#8220;ice&#8221; sieve<\/li>\n<li>Anti-drip cap<\/li>\n<li>Warranty 5 years<\/li>\n<\/ul>\n","protected":false},"excerpt":{"rendered":"<div class=\"container-main-cuiseur-vapeur\">\n<div class=\"container-cuiseur-vapeur-modele nutristeam\">\n<ul>\n<li>Juicer<\/li>\n<li>Juice sieve<\/li>\n<li>Smoothie sieve<\/li>\n<li>Ice desserts sieve<\/li>\n<li>Pulp collecting container<\/li>\n<li>Juice jug<\/li>\n<li>Cleaning brush<\/li>\n<li>Recipe book<\/li>\n<li>User manual<\/li>\n<\/ul>\n<\/div>\n<\/div>\n","protected":false},"featured_media":3786,"template":"","meta":{"_acf_changed":false},"product_brand":[],"product_cat":[795,501],"product_tag":[730],"class_list":{"0":"post-4141","1":"product","2":"type-product","3":"status-publish","4":"has-post-thumbnail","6":"product_cat-black-friday-en","7":"product_cat-our-juicers","8":"product_tag-dejelin","9":"pa_couleurs-blanc-en","10":"pa_couleurs-gris-en","11":"pa_extraction-vertical-en","12":"pa_garantie-5-ans-en","13":"pa_livre-de-recettes-inclus-en","14":"pa_rotation-par-minute-60-rpm-en","16":"first","17":"outofstock","18":"shipping-taxable","19":"purchasable","20":"product-type-variable"},"acf":[],"yoast_head":"<!-- This site is optimized with the Yoast SEO plugin v27.3 - https:\/\/yoast.com\/product\/yoast-seo-wordpress\/ -->\n<title>L\u2019extracteur de jus SLJ100<\/title>\n<meta name=\"description\" content=\"Un extracteur pour les jus et plein d\u2019autres pr\u00e9parations. Facile \u00e0 ranger et vite nettoy\u00e9.\" \/>\n<meta name=\"robots\" content=\"index, follow, max-snippet:-1, max-image-preview:large, max-video-preview:-1\" \/>\n<link rel=\"canonical\" href=\"https:\/\/www.theblender.be\/en\/produit\/dejelin-vertical-juicer-slj100\/\" \/>\n<meta property=\"og:locale\" content=\"en_US\" \/>\n<meta property=\"og:type\" content=\"article\" \/>\n<meta property=\"og:title\" content=\"L\u2019extracteur de jus SLJ100\" \/>\n<meta property=\"og:description\" content=\"Un extracteur pour les jus et plein d\u2019autres pr\u00e9parations. Facile \u00e0 ranger et vite nettoy\u00e9.\" \/>\n<meta property=\"og:url\" content=\"https:\/\/www.theblender.be\/en\/produit\/dejelin-vertical-juicer-slj100\/\" \/>\n<meta property=\"og:site_name\" content=\"The Blender\" \/>\n<meta property=\"article:modified_time\" content=\"2024-07-31T22:04:34+00:00\" \/>\n<meta property=\"og:image\" content=\"https:\/\/www.theblender.be\/wp-content\/uploads\/2022\/04\/extracteur-blanc-2.jpg\" \/>\n\t<meta property=\"og:image:width\" content=\"1100\" \/>\n\t<meta property=\"og:image:height\" content=\"1098\" \/>\n\t<meta property=\"og:image:type\" content=\"image\/jpeg\" \/>\n<meta name=\"twitter:card\" content=\"summary_large_image\" \/>\n<meta name=\"twitter:label1\" content=\"Est. reading time\" \/>\n\t<meta name=\"twitter:data1\" content=\"1 minute\" \/>\n<script type=\"application\/ld+json\" class=\"yoast-schema-graph\">{\"@context\":\"https:\\\/\\\/schema.org\",\"@graph\":[{\"@type\":\"WebPage\",\"@id\":\"https:\\\/\\\/www.theblender.be\\\/en\\\/produit\\\/dejelin-vertical-juicer-slj100\\\/\",\"url\":\"https:\\\/\\\/www.theblender.be\\\/en\\\/produit\\\/dejelin-vertical-juicer-slj100\\\/\",\"name\":\"L\u2019extracteur de jus SLJ100\",\"isPartOf\":{\"@id\":\"https:\\\/\\\/www.theblender.be\\\/#website\"},\"primaryImageOfPage\":{\"@id\":\"https:\\\/\\\/www.theblender.be\\\/en\\\/produit\\\/dejelin-vertical-juicer-slj100\\\/#primaryimage\"},\"image\":{\"@id\":\"https:\\\/\\\/www.theblender.be\\\/en\\\/produit\\\/dejelin-vertical-juicer-slj100\\\/#primaryimage\"},\"thumbnailUrl\":\"https:\\\/\\\/www.theblender.be\\\/wp-content\\\/uploads\\\/2022\\\/04\\\/extracteur-blanc-2.jpg\",\"datePublished\":\"2022-04-20T13:25:36+00:00\",\"dateModified\":\"2024-07-31T22:04:34+00:00\",\"description\":\"Un extracteur pour les jus et plein d\u2019autres pr\u00e9parations. Facile \u00e0 ranger et vite nettoy\u00e9.\",\"breadcrumb\":{\"@id\":\"https:\\\/\\\/www.theblender.be\\\/en\\\/produit\\\/dejelin-vertical-juicer-slj100\\\/#breadcrumb\"},\"inLanguage\":\"en-US\",\"potentialAction\":[{\"@type\":\"ReadAction\",\"target\":[\"https:\\\/\\\/www.theblender.be\\\/en\\\/produit\\\/dejelin-vertical-juicer-slj100\\\/\"]}]},{\"@type\":\"ImageObject\",\"inLanguage\":\"en-US\",\"@id\":\"https:\\\/\\\/www.theblender.be\\\/en\\\/produit\\\/dejelin-vertical-juicer-slj100\\\/#primaryimage\",\"url\":\"https:\\\/\\\/www.theblender.be\\\/wp-content\\\/uploads\\\/2022\\\/04\\\/extracteur-blanc-2.jpg\",\"contentUrl\":\"https:\\\/\\\/www.theblender.be\\\/wp-content\\\/uploads\\\/2022\\\/04\\\/extracteur-blanc-2.jpg\",\"width\":1100,\"height\":1098},{\"@type\":\"BreadcrumbList\",\"@id\":\"https:\\\/\\\/www.theblender.be\\\/en\\\/produit\\\/dejelin-vertical-juicer-slj100\\\/#breadcrumb\",\"itemListElement\":[{\"@type\":\"ListItem\",\"position\":1,\"name\":\"Accueil\",\"item\":\"https:\\\/\\\/www.theblender.be\\\/\"},{\"@type\":\"ListItem\",\"position\":2,\"name\":\"Shop\",\"item\":\"https:\\\/\\\/www.theblender.be\\\/en\\\/shop\\\/\"},{\"@type\":\"ListItem\",\"position\":3,\"name\":\"Dejelin &#8211; Vertical Juicer SLJ100\"}]},{\"@type\":\"WebSite\",\"@id\":\"https:\\\/\\\/www.theblender.be\\\/#website\",\"url\":\"https:\\\/\\\/www.theblender.be\\\/\",\"name\":\"The Blender\",\"description\":\"The Blender: your premium wellness brand specialist\",\"publisher\":{\"@id\":\"https:\\\/\\\/www.theblender.be\\\/#organization\"},\"potentialAction\":[{\"@type\":\"SearchAction\",\"target\":{\"@type\":\"EntryPoint\",\"urlTemplate\":\"https:\\\/\\\/www.theblender.be\\\/?s={search_term_string}\"},\"query-input\":{\"@type\":\"PropertyValueSpecification\",\"valueRequired\":true,\"valueName\":\"search_term_string\"}}],\"inLanguage\":\"en-US\"},{\"@type\":\"Organization\",\"@id\":\"https:\\\/\\\/www.theblender.be\\\/#organization\",\"name\":\"The Blender\",\"url\":\"https:\\\/\\\/www.theblender.be\\\/\",\"logo\":{\"@type\":\"ImageObject\",\"inLanguage\":\"en-US\",\"@id\":\"https:\\\/\\\/www.theblender.be\\\/#\\\/schema\\\/logo\\\/image\\\/\",\"url\":\"https:\\\/\\\/www.theblender.be\\\/wp-content\\\/uploads\\\/2022\\\/04\\\/logo-theblender.svg\",\"contentUrl\":\"https:\\\/\\\/www.theblender.be\\\/wp-content\\\/uploads\\\/2022\\\/04\\\/logo-theblender.svg\",\"width\":296,\"height\":267,\"caption\":\"The Blender\"},\"image\":{\"@id\":\"https:\\\/\\\/www.theblender.be\\\/#\\\/schema\\\/logo\\\/image\\\/\"}}]}<\/script>\n<!-- \/ Yoast SEO plugin. -->","yoast_head_json":{"title":"L\u2019extracteur de jus SLJ100","description":"Un extracteur pour les jus et plein d\u2019autres pr\u00e9parations. Facile \u00e0 ranger et vite nettoy\u00e9.","robots":{"index":"index","follow":"follow","max-snippet":"max-snippet:-1","max-image-preview":"max-image-preview:large","max-video-preview":"max-video-preview:-1"},"canonical":"https:\/\/www.theblender.be\/en\/produit\/dejelin-vertical-juicer-slj100\/","og_locale":"en_US","og_type":"article","og_title":"L\u2019extracteur de jus SLJ100","og_description":"Un extracteur pour les jus et plein d\u2019autres pr\u00e9parations. Facile \u00e0 ranger et vite nettoy\u00e9.","og_url":"https:\/\/www.theblender.be\/en\/produit\/dejelin-vertical-juicer-slj100\/","og_site_name":"The Blender","article_modified_time":"2024-07-31T22:04:34+00:00","og_image":[{"width":1100,"height":1098,"url":"https:\/\/www.theblender.be\/wp-content\/uploads\/2022\/04\/extracteur-blanc-2.jpg","type":"image\/jpeg"}],"twitter_card":"summary_large_image","twitter_misc":{"Est. reading time":"1 minute"},"schema":{"@context":"https:\/\/schema.org","@graph":[{"@type":"WebPage","@id":"https:\/\/www.theblender.be\/en\/produit\/dejelin-vertical-juicer-slj100\/","url":"https:\/\/www.theblender.be\/en\/produit\/dejelin-vertical-juicer-slj100\/","name":"L\u2019extracteur de jus SLJ100","isPartOf":{"@id":"https:\/\/www.theblender.be\/#website"},"primaryImageOfPage":{"@id":"https:\/\/www.theblender.be\/en\/produit\/dejelin-vertical-juicer-slj100\/#primaryimage"},"image":{"@id":"https:\/\/www.theblender.be\/en\/produit\/dejelin-vertical-juicer-slj100\/#primaryimage"},"thumbnailUrl":"https:\/\/www.theblender.be\/wp-content\/uploads\/2022\/04\/extracteur-blanc-2.jpg","datePublished":"2022-04-20T13:25:36+00:00","dateModified":"2024-07-31T22:04:34+00:00","description":"Un extracteur pour les jus et plein d\u2019autres pr\u00e9parations. Facile \u00e0 ranger et vite nettoy\u00e9.","breadcrumb":{"@id":"https:\/\/www.theblender.be\/en\/produit\/dejelin-vertical-juicer-slj100\/#breadcrumb"},"inLanguage":"en-US","potentialAction":[{"@type":"ReadAction","target":["https:\/\/www.theblender.be\/en\/produit\/dejelin-vertical-juicer-slj100\/"]}]},{"@type":"ImageObject","inLanguage":"en-US","@id":"https:\/\/www.theblender.be\/en\/produit\/dejelin-vertical-juicer-slj100\/#primaryimage","url":"https:\/\/www.theblender.be\/wp-content\/uploads\/2022\/04\/extracteur-blanc-2.jpg","contentUrl":"https:\/\/www.theblender.be\/wp-content\/uploads\/2022\/04\/extracteur-blanc-2.jpg","width":1100,"height":1098},{"@type":"BreadcrumbList","@id":"https:\/\/www.theblender.be\/en\/produit\/dejelin-vertical-juicer-slj100\/#breadcrumb","itemListElement":[{"@type":"ListItem","position":1,"name":"Accueil","item":"https:\/\/www.theblender.be\/"},{"@type":"ListItem","position":2,"name":"Shop","item":"https:\/\/www.theblender.be\/en\/shop\/"},{"@type":"ListItem","position":3,"name":"Dejelin &#8211; Vertical Juicer SLJ100"}]},{"@type":"WebSite","@id":"https:\/\/www.theblender.be\/#website","url":"https:\/\/www.theblender.be\/","name":"The Blender","description":"The Blender: your premium wellness brand specialist","publisher":{"@id":"https:\/\/www.theblender.be\/#organization"},"potentialAction":[{"@type":"SearchAction","target":{"@type":"EntryPoint","urlTemplate":"https:\/\/www.theblender.be\/?s={search_term_string}"},"query-input":{"@type":"PropertyValueSpecification","valueRequired":true,"valueName":"search_term_string"}}],"inLanguage":"en-US"},{"@type":"Organization","@id":"https:\/\/www.theblender.be\/#organization","name":"The Blender","url":"https:\/\/www.theblender.be\/","logo":{"@type":"ImageObject","inLanguage":"en-US","@id":"https:\/\/www.theblender.be\/#\/schema\/logo\/image\/","url":"https:\/\/www.theblender.be\/wp-content\/uploads\/2022\/04\/logo-theblender.svg","contentUrl":"https:\/\/www.theblender.be\/wp-content\/uploads\/2022\/04\/logo-theblender.svg","width":296,"height":267,"caption":"The Blender"},"image":{"@id":"https:\/\/www.theblender.be\/#\/schema\/logo\/image\/"}}]}},"_links":{"self":[{"href":"https:\/\/www.theblender.be\/en\/wp-json\/wp\/v2\/product\/4141","targetHints":{"allow":["GET"]}}],"collection":[{"href":"https:\/\/www.theblender.be\/en\/wp-json\/wp\/v2\/product"}],"about":[{"href":"https:\/\/www.theblender.be\/en\/wp-json\/wp\/v2\/types\/product"}],"wp:featuredmedia":[{"embeddable":true,"href":"https:\/\/www.theblender.be\/en\/wp-json\/wp\/v2\/media\/3786"}],"wp:attachment":[{"href":"https:\/\/www.theblender.be\/en\/wp-json\/wp\/v2\/media?parent=4141"}],"wp:term":[{"taxonomy":"product_brand","embeddable":true,"href":"https:\/\/www.theblender.be\/en\/wp-json\/wp\/v2\/product_brand?post=4141"},{"taxonomy":"product_cat","embeddable":true,"href":"https:\/\/www.theblender.be\/en\/wp-json\/wp\/v2\/product_cat?post=4141"},{"taxonomy":"product_tag","embeddable":true,"href":"https:\/\/www.theblender.be\/en\/wp-json\/wp\/v2\/product_tag?post=4141"}],"curies":[{"name":"wp","href":"https:\/\/api.w.org\/{rel}","templated":true}]}}